{"id":30,"date":"2018-11-17T20:41:23","date_gmt":"2018-11-17T19:41:23","guid":{"rendered":"https:\/\/julien-garson.fr\/?page_id=30"},"modified":"2018-11-17T21:37:22","modified_gmt":"2018-11-17T20:37:22","slug":"mes-experiences-professionnelles","status":"publish","type":"page","link":"https:\/\/julien-garson.fr\/index.php\/mes-experiences-professionnelles\/","title":{"rendered":"Mes exp\u00e9riences professionnelles"},"content":{"rendered":"\n<h2 class=\"wp-block-heading\">Chef de Projet SEA<\/h2>\n\n\n\n<p style=\"text-align:left\"><strong>chez Shin-Agency<\/strong><\/p>\n\n\n\n<ul class=\"wp-block-list\"><li>Expert Google Ads, des grands comptes aux comptes plus modestes, sur le Search (y compris DSA et RLSA), Display, Shopping, Youtube.<\/li><li>Supervision de l&rsquo;ensemble des comptes SEA de l&rsquo;agence.<\/li><li>Portefeuille client : Andros Gourmand &amp; V\u00e9g\u00e9tal, Mauboussin Parfums, Astotel, etc\u2026<\/li><li>Expert Facebook Ads : acquisition de fans, campagnes de boost, campagnes ROIstes.<\/li><li>Je g\u00e8re \u00e9galement des comptes Bing Ads, Yahoo Japan cpc et Yandex cpc.<\/li><li>Gestion et envoi occasionnel de newsletters.<\/li><\/ul>\n\n\n\n<p><\/p>\n\n\n\n<h2 class=\"wp-block-heading\">Account Manager SEA<\/h2>\n\n\n\n<p><strong>chez Koba Solutions Digitales<\/strong><\/p>\n\n\n\n<p>Gestion transversale d&rsquo;un portefeuille de comptes diversifi\u00e9s :<\/p>\n\n\n\n<ul class=\"wp-block-list\"><li>Gestion et optimisation des comptes Adwords et Bing, en Search, Display, Shopping et Remarketing<\/li><li>Utilisation d&rsquo;une solution de Bid Management<\/li><li>Int\u00e9gration des modifications de contenus, en relation \u00e0 des demandes clients, sur WordPress, Duda, Joomla<\/li><li>Int\u00e9gration des tags Google Tag Manager, Analytics, Piwik.<\/li><li>Installation et suivi des conversions<\/li><li>Suivi client sur un progiciel<\/li><li>Relation client par t\u00e9l\u00e9phone et par mail<\/li><li>Upsells<\/li><li>R\u00e9alisation d&rsquo;audits SEA<\/li><\/ul>\n\n\n\n<h2 class=\"wp-block-heading\">Traffic Manager SEA<\/h2>\n\n\n\n<p><strong>chez Biskot Web Agency<\/strong><\/p>\n\n\n\n<p>Gestion d&rsquo;un Grand Compte Google Ads &amp; Bing Ads, leader de son march\u00e9, dans le secteur de la bagagerie en ligne.<\/p>\n\n\n\n<h2 class=\"wp-block-heading\">Stage Account Manager junior SEA&nbsp;<\/h2>\n\n\n\n<p><strong>chez AdQuality<\/strong><\/p>\n\n\n\n<p>Gestion et optimisations de compte Google Ads : Search, Shopping, Display.<\/p>\n\n\n\n<h2 class=\"wp-block-heading\">Stage SEA\/SEO<\/h2>\n\n\n\n<p><strong>chez France Promotion<\/strong><\/p>\n\n\n\n<p>Gestion et optimisations du compte Google Ads de la soci\u00e9t\u00e9.<br>\nOptimisations SEO du site web de la soci\u00e9t\u00e9 : techniques et s\u00e9mantiques.<\/p>\n","protected":false},"excerpt":{"rendered":"<p>Chef de Projet SEA chez Shin-Agency Expert Google Ads, des grands comptes aux comptes plus modestes, sur le Search (y compris DSA et RLSA), Display, Shopping, Youtube. Supervision de l&rsquo;ensemble des comptes SEA de l&rsquo;agence. Portefeuille client : Andros Gourmand &amp; V\u00e9g\u00e9tal, Mauboussin Parfums, Astotel, etc\u2026 Expert Facebook Ads : acquisition de fans, campagnes de &hellip; <\/p>\n<p class=\"link-more\"><a href=\"https:\/\/julien-garson.fr\/index.php\/mes-experiences-professionnelles\/\" class=\"more-link\">Continuer la lecture<span class=\"screen-reader-text\"> de &laquo;&nbsp;Mes exp\u00e9riences professionnelles&nbsp;&raquo;<\/span><\/a><\/p>\n","protected":false},"author":1,"featured_media":0,"parent":0,"menu_order":0,"comment_status":"closed","ping_status":"closed","template":"","meta":{"footnotes":""},"class_list":["post-30","page","type-page","status-publish","hentry"],"yoast_head":"<!-- This site is optimized with the Yoast SEO plugin v25.6 - https:\/\/yoast.com\/wordpress\/plugins\/seo\/ -->\n<title>Mes exp\u00e9riences professionnelles - Julien Garson<\/title>\n<meta name=\"robots\" content=\"index, follow, max-snippet:-1, max-image-preview:large, max-video-preview:-1\" \/>\n<link rel=\"canonical\" href=\"https:\/\/julien-garson.fr\/index.php\/mes-experiences-professionnelles\/\" \/>\n<meta property=\"og:locale\" content=\"fr_FR\" \/>\n<meta property=\"og:type\" content=\"article\" \/>\n<meta property=\"og:title\" content=\"Mes exp\u00e9riences professionnelles - Julien Garson\" \/>\n<meta property=\"og:description\" content=\"Chef de Projet SEA chez Shin-Agency Expert Google Ads, des grands comptes aux comptes plus modestes, sur le Search (y compris DSA et RLSA), Display, Shopping, Youtube. Supervision de l&rsquo;ensemble des comptes SEA de l&rsquo;agence. Portefeuille client : Andros Gourmand &amp; V\u00e9g\u00e9tal, Mauboussin Parfums, Astotel, etc\u2026 Expert Facebook Ads : acquisition de fans, campagnes de &hellip; Continuer la lecture de &laquo;&nbsp;Mes exp\u00e9riences professionnelles&nbsp;&raquo;\" \/>\n<meta property=\"og:url\" content=\"https:\/\/julien-garson.fr\/index.php\/mes-experiences-professionnelles\/\" \/>\n<meta property=\"og:site_name\" content=\"Julien Garson\" \/>\n<meta property=\"article:modified_time\" content=\"2018-11-17T20:37:22+00:00\" \/>\n<meta name=\"twitter:card\" content=\"summary_large_image\" \/>\n<meta name=\"twitter:label1\" content=\"Dur\u00e9e de lecture estim\u00e9e\" \/>\n\t<meta name=\"twitter:data1\" content=\"1 minute\" \/>\n<script type=\"application\/ld+json\" class=\"yoast-schema-graph\">{\"@context\":\"https:\/\/schema.org\",\"@graph\":[{\"@type\":\"WebPage\",\"@id\":\"https:\/\/julien-garson.fr\/index.php\/mes-experiences-professionnelles\/\",\"url\":\"https:\/\/julien-garson.fr\/index.php\/mes-experiences-professionnelles\/\",\"name\":\"Mes exp\u00e9riences professionnelles - Julien Garson\",\"isPartOf\":{\"@id\":\"https:\/\/julien-garson.fr\/#website\"},\"datePublished\":\"2018-11-17T19:41:23+00:00\",\"dateModified\":\"2018-11-17T20:37:22+00:00\",\"breadcrumb\":{\"@id\":\"https:\/\/julien-garson.fr\/index.php\/mes-experiences-professionnelles\/#breadcrumb\"},\"inLanguage\":\"fr-FR\",\"potentialAction\":[{\"@type\":\"ReadAction\",\"target\":[\"https:\/\/julien-garson.fr\/index.php\/mes-experiences-professionnelles\/\"]}]},{\"@type\":\"BreadcrumbList\",\"@id\":\"https:\/\/julien-garson.fr\/index.php\/mes-experiences-professionnelles\/#breadcrumb\",\"itemListElement\":[{\"@type\":\"ListItem\",\"position\":1,\"name\":\"Accueil\",\"item\":\"https:\/\/julien-garson.fr\/\"},{\"@type\":\"ListItem\",\"position\":2,\"name\":\"Mes exp\u00e9riences professionnelles\"}]},{\"@type\":\"WebSite\",\"@id\":\"https:\/\/julien-garson.fr\/#website\",\"url\":\"https:\/\/julien-garson.fr\/\",\"name\":\"Julien Garson\",\"description\":\"Expert Google Ads, Bing Ads, Facebook Ads, Yandex CPC et Yahoo Japan CPC\",\"publisher\":{\"@id\":\"https:\/\/julien-garson.fr\/#\/schema\/person\/879efa2d9eb609b84e3f6dbdc263a12b\"},\"potentialAction\":[{\"@type\":\"SearchAction\",\"target\":{\"@type\":\"EntryPoint\",\"urlTemplate\":\"https:\/\/julien-garson.fr\/?s={search_term_string}\"},\"query-input\":{\"@type\":\"PropertyValueSpecification\",\"valueRequired\":true,\"valueName\":\"search_term_string\"}}],\"inLanguage\":\"fr-FR\"},{\"@type\":[\"Person\",\"Organization\"],\"@id\":\"https:\/\/julien-garson.fr\/#\/schema\/person\/879efa2d9eb609b84e3f6dbdc263a12b\",\"name\":\"Julien Garson\",\"logo\":{\"@id\":\"https:\/\/julien-garson.fr\/#\/schema\/person\/image\/\"}}]}<\/script>\n<!-- \/ Yoast SEO plugin. -->","yoast_head_json":{"title":"Mes exp\u00e9riences professionnelles - Julien Garson","robots":{"index":"index","follow":"follow","max-snippet":"max-snippet:-1","max-image-preview":"max-image-preview:large","max-video-preview":"max-video-preview:-1"},"canonical":"https:\/\/julien-garson.fr\/index.php\/mes-experiences-professionnelles\/","og_locale":"fr_FR","og_type":"article","og_title":"Mes exp\u00e9riences professionnelles - Julien Garson","og_description":"Chef de Projet SEA chez Shin-Agency Expert Google Ads, des grands comptes aux comptes plus modestes, sur le Search (y compris DSA et RLSA), Display, Shopping, Youtube. Supervision de l&rsquo;ensemble des comptes SEA de l&rsquo;agence. Portefeuille client : Andros Gourmand &amp; V\u00e9g\u00e9tal, Mauboussin Parfums, Astotel, etc\u2026 Expert Facebook Ads : acquisition de fans, campagnes de &hellip; Continuer la lecture de &laquo;&nbsp;Mes exp\u00e9riences professionnelles&nbsp;&raquo;","og_url":"https:\/\/julien-garson.fr\/index.php\/mes-experiences-professionnelles\/","og_site_name":"Julien Garson","article_modified_time":"2018-11-17T20:37:22+00:00","twitter_card":"summary_large_image","twitter_misc":{"Dur\u00e9e de lecture estim\u00e9e":"1 minute"},"schema":{"@context":"https:\/\/schema.org","@graph":[{"@type":"WebPage","@id":"https:\/\/julien-garson.fr\/index.php\/mes-experiences-professionnelles\/","url":"https:\/\/julien-garson.fr\/index.php\/mes-experiences-professionnelles\/","name":"Mes exp\u00e9riences professionnelles - Julien Garson","isPartOf":{"@id":"https:\/\/julien-garson.fr\/#website"},"datePublished":"2018-11-17T19:41:23+00:00","dateModified":"2018-11-17T20:37:22+00:00","breadcrumb":{"@id":"https:\/\/julien-garson.fr\/index.php\/mes-experiences-professionnelles\/#breadcrumb"},"inLanguage":"fr-FR","potentialAction":[{"@type":"ReadAction","target":["https:\/\/julien-garson.fr\/index.php\/mes-experiences-professionnelles\/"]}]},{"@type":"BreadcrumbList","@id":"https:\/\/julien-garson.fr\/index.php\/mes-experiences-professionnelles\/#breadcrumb","itemListElement":[{"@type":"ListItem","position":1,"name":"Accueil","item":"https:\/\/julien-garson.fr\/"},{"@type":"ListItem","position":2,"name":"Mes exp\u00e9riences professionnelles"}]},{"@type":"WebSite","@id":"https:\/\/julien-garson.fr\/#website","url":"https:\/\/julien-garson.fr\/","name":"Julien Garson","description":"Expert Google Ads, Bing Ads, Facebook Ads, Yandex CPC et Yahoo Japan CPC","publisher":{"@id":"https:\/\/julien-garson.fr\/#\/schema\/person\/879efa2d9eb609b84e3f6dbdc263a12b"},"potentialAction":[{"@type":"SearchAction","target":{"@type":"EntryPoint","urlTemplate":"https:\/\/julien-garson.fr\/?s={search_term_string}"},"query-input":{"@type":"PropertyValueSpecification","valueRequired":true,"valueName":"search_term_string"}}],"inLanguage":"fr-FR"},{"@type":["Person","Organization"],"@id":"https:\/\/julien-garson.fr\/#\/schema\/person\/879efa2d9eb609b84e3f6dbdc263a12b","name":"Julien Garson","logo":{"@id":"https:\/\/julien-garson.fr\/#\/schema\/person\/image\/"}}]}},"featured_image_src":null,"featured_image_src_square":null,"_links":{"self":[{"href":"https:\/\/julien-garson.fr\/index.php\/wp-json\/wp\/v2\/pages\/30"}],"collection":[{"href":"https:\/\/julien-garson.fr\/index.php\/wp-json\/wp\/v2\/pages"}],"about":[{"href":"https:\/\/julien-garson.fr\/index.php\/wp-json\/wp\/v2\/types\/page"}],"author":[{"embeddable":true,"href":"https:\/\/julien-garson.fr\/index.php\/wp-json\/wp\/v2\/users\/1"}],"replies":[{"embeddable":true,"href":"https:\/\/julien-garson.fr\/index.php\/wp-json\/wp\/v2\/comments?post=30"}],"version-history":[{"count":4,"href":"https:\/\/julien-garson.fr\/index.php\/wp-json\/wp\/v2\/pages\/30\/revisions"}],"predecessor-version":[{"id":69,"href":"https:\/\/julien-garson.fr\/index.php\/wp-json\/wp\/v2\/pages\/30\/revisions\/69"}],"wp:attachment":[{"href":"https:\/\/julien-garson.fr\/index.php\/wp-json\/wp\/v2\/media?parent=30"}],"curies":[{"name":"wp","href":"https:\/\/api.w.org\/{rel}","templated":true}]}}